{"id":7778,"date":"2014-04-23T10:38:38","date_gmt":"2014-04-23T10:38:38","guid":{"rendered":"http:\/\/auto-repair.vamtam.com\/?page_id=7778"},"modified":"2024-08-28T07:07:44","modified_gmt":"2024-08-28T07:07:44","slug":"ueber-uns","status":"publish","type":"page","link":"https:\/\/www.premiummed.hr\/de\/ueber-uns\/","title":{"rendered":"\u00dcber Uns"},"content":{"rendered":"<div class=\"row \"><div class=\"wpv-grid grid-1-1  wpv-first-level first unextended animation-from-bottom animated-active\" style=\"padding-top:0px;padding-bottom:0px\" id=\"wpv-column-02d2f12f22c74616154c9e3e7959767a\" ><div class=\"push \" style=\"height:80px\"><\/div>\n<h1 style=\"text-align: center;\"><strong>PREMIUMMED<\/strong> Personalvermittlung<\/h1>\n<p style=\"text-align: center;\">Mit umfangreicher Erfahrung in den Prozessen und Strukturen des Personalmanagements ausl\u00e4ndischer Arbeitskr\u00e4fte stehen wir Ihnen mit Rat und Tat zur Seite<br \/>\n<strong>\u2013 pers\u00f6nlich, individuell und hoch flexibel!<\/strong><br \/>\n<div class=\"push \" style=\"height:80px\"><\/div><\/div><\/div>\n<div class=\"row \"><div class=\"wpv-grid grid-3-4  wpv-first-level first unextended\" style=\"padding-top:0px;padding-bottom:0px\" id=\"wpv-column-08888db0fccde017ec5c52ac6e397d5d\" ><div class=\"row \"><div class=\"wpv-grid grid-1-1  first unextended\" style=\"padding-top:0px;padding-bottom:0px\" id=\"wpv-column-bb674d2ae722cb4f35e144cdc7052816\" ><h3>Sie suchen qualifizierte Fachkr\u00e4fte f\u00fcr Ihr Gesundheitsunternehmen?<\/h3>\n<p>PREMIUMMED ist Ihr Partner f\u00fcr die Vermittlung von Fach- und F\u00fchrungskr\u00e4ften im Gesundheitswesen aus Kroatien. Gemeinsam mit Ihnen erarbeiten wir ein klares Anforderungsprofil und \u00fcbernehmen das gesamte Personalmanagement von der Selektion der Topkandidaten f\u00fcr Ihr Unternehmen bis hin zur Einarbeitung vor Ort.<br \/>\n<div class=\"push \" style=\"height:40px\"><\/div><\/div><\/div>\n<div class=\"row \"><div class=\"wpv-grid grid-1-2  first unextended\" style=\"padding-top:0px;padding-bottom:0px\" id=\"wpv-column-c9c61758d0ff3b0de617247f98cab84d\" ><p><img decoding=\"async\" src=\"http:\/\/www.premiummed.hr\/wp-content\/uploads\/2015\/08\/about-1.jpg\" alt=\"about\" \/><\/div>\n<div class=\"wpv-grid grid-1-2  unextended\" style=\"padding-top:0px;padding-bottom:0px\" id=\"wpv-column-c8e50a267d9daa9bfd9b150de3a194cd\" ><p><img decoding=\"async\" src=\"http:\/\/www.premiummed.hr\/wp-content\/uploads\/2015\/08\/about-2.jpg\" alt=\"\u00fcberuns\" \/><\/div><\/div>\n<div class=\"row \"><div class=\"wpv-grid grid-1-2  first unextended\" style=\"padding-top:0px;padding-bottom:0px\" id=\"wpv-column-f36c61b7b49cdfc16ab9c3d145a83243\" ><h3>Unsere Vorteile f\u00fcr Sie<\/h3>\n<ul>\n<li>Ein fester Ansprechpartner begleitet Sie durch alle Prozesse<\/li>\n<li>Zielgerichtete Vorselektion der geeigneten Bewerber und zus\u00e4tzlich Zugriff auf Top-Kandidaten aus Kroatien<\/li>\n<li>Vermittlung von qualifiziertem Fach- und F\u00fchrungspersonal, keine Leih- oder Zeitarbeiter<\/li>\n<li>Weitreichendes Netzwerk im Gesundheitswesen<\/li>\n<li>Betreuung durch erfahrene Experten<\/li>\n<\/ul><\/div>\n<div class=\"wpv-grid grid-1-2  unextended\" style=\"padding-top:0px;padding-bottom:0px\" id=\"wpv-column-c86488d9c7c0890730e1696998ab230c\" ><ul>\n<li>Als Partner unserer Kunden leisten wir mit vielseitigen Personall\u00f6sungen einen Beitrag zu unternehmerischer Stabilit\u00e4t, Produktivit\u00e4t und Wettbewerbsf\u00e4higkeit<\/li>\n<li>Nachhaltigkeit durch gezielte Auswahl und Betreuung<\/li>\n<li><strong>Wir sind einzigartig, weil:<\/strong> wir sind pers\u00f6nlich vor Ort (Kroatien und Schweiz), betreiben Unternehmen im Gesundheitswesen (in der Schweiz sowie Kroatien) und bilden sprachlich das Pflegefachpersonal und die \u00c4rzte selber aus<\/li>\n<\/ul><\/div><\/div><\/div>\n<div class=\"wpv-grid grid-1-4  wpv-first-level unextended\" style=\"padding-top:0px;padding-bottom:0px\" id=\"wpv-column-01fc2c745486fe6032cb08515fce7c7e\" ><div class=\"row \"><div class=\"wpv-grid grid-1-1 add-border first has-background unextended animation-from-bottom animated-active\" style=\"background-color:#f6f6f6;padding-top:30px;padding-bottom:30px\" id=\"wpv-column-6be764a323d49ce811c5143d88b78fa4\" ><style>#wpv-column-6be764a323d49ce811c5143d88b78fa4 p,#wpv-column-6be764a323d49ce811c5143d88b78fa4 em,#wpv-column-6be764a323d49ce811c5143d88b78fa4 .column-title,#wpv-column-6be764a323d49ce811c5143d88b78fa4 .sep-text h2.regular-title-wrapper,#wpv-column-6be764a323d49ce811c5143d88b78fa4 .text-divider-double,#wpv-column-6be764a323d49ce811c5143d88b78fa4 .sep-text .sep-text-line,#wpv-column-6be764a323d49ce811c5143d88b78fa4 .sep,#wpv-column-6be764a323d49ce811c5143d88b78fa4 .sep-2,#wpv-column-6be764a323d49ce811c5143d88b78fa4 .sep-3,#wpv-column-6be764a323d49ce811c5143d88b78fa4 td,#wpv-column-6be764a323d49ce811c5143d88b78fa4 th,#wpv-column-6be764a323d49ce811c5143d88b78fa4 caption{color:#767676;}#wpv-column-6be764a323d49ce811c5143d88b78fa4:before{background-color:transparent;}<\/style><div class=\"row \"><div class=\"wpv-grid grid-1-1  first unextended\" style=\"padding-top:0px;padding-bottom:0px\" id=\"wpv-column-1b2b25ee9c29150ffa6a0547af6a1040\" ><p style=\"padding-left: 10px;\"><span class='icon shortcode theme  use-hover' style='color:#a6d9ed;font-size:32px !important;'>&#57469;<\/span>\n<h4 style=\"padding-left: 10px;\">Support Hotline<\/h4>\n<h1 style=\"padding-left: 10px;\"><span class=\"accent-1\">+385 91 244 5002<\/span><\/h1>\n<p>Bewerben Sie sich jetzt und nutzen Sie ihre Chance.<\/p>\n<p style=\"padding-left: 10px;\">Telefon: +385 91 244 5002<br \/>\nMobil: +385 91 244 5002<\/div><\/div><\/div><\/div>\n<div class=\"push  wpv-hide-lowres\" style=\"height:30px\"><\/div>\n<div class=\"row \"><div class=\"wpv-grid grid-1-1 add-border first has-background unextended animation-from-bottom animated-active\" style=\"background-color:#f6f6f6;padding-top:30px;padding-bottom:30px\" id=\"wpv-column-fba66b44aec403f8b46560b06140ec58\" ><style>#wpv-column-fba66b44aec403f8b46560b06140ec58 p,#wpv-column-fba66b44aec403f8b46560b06140ec58 em,#wpv-column-fba66b44aec403f8b46560b06140ec58 .column-title,#wpv-column-fba66b44aec403f8b46560b06140ec58 .sep-text h2.regular-title-wrapper,#wpv-column-fba66b44aec403f8b46560b06140ec58 .text-divider-double,#wpv-column-fba66b44aec403f8b46560b06140ec58 .sep-text .sep-text-line,#wpv-column-fba66b44aec403f8b46560b06140ec58 .sep,#wpv-column-fba66b44aec403f8b46560b06140ec58 .sep-2,#wpv-column-fba66b44aec403f8b46560b06140ec58 .sep-3,#wpv-column-fba66b44aec403f8b46560b06140ec58 td,#wpv-column-fba66b44aec403f8b46560b06140ec58 th,#wpv-column-fba66b44aec403f8b46560b06140ec58 caption{color:#767676;}#wpv-column-fba66b44aec403f8b46560b06140ec58:before{background-color:transparent;}<\/style><div class=\"row \"><div class=\"wpv-grid grid-1-1  first unextended\" style=\"padding-top:0px;padding-bottom:0px\" id=\"wpv-column-dab1951143295b2460881434cda07e74\" ><p style=\"padding-left: 10px;\"><span class='icon shortcode theme  use-hover' style='color:#a6d9ed;font-size:32px !important;'>&#57353;<\/span>\n<h4 style=\"padding-left: 10px;\">Ansprechpartner<\/h4>\n<h4 style=\"padding-left: 10px;\"><strong>Daliborka Kop\u010di\u0107<\/strong><\/h4>\n<p style=\"padding-left: 10px;\">CEO<\/p>\n<p>Lizenziertes \u00d6SD- Pr\u00fcfungszentrum in Zagreb, Vorsitzende<\/div><\/div><\/div><\/div><\/div><\/div>\n<div class=\"row \"><div class=\"wpv-grid grid-1-1  wpv-first-level first unextended animation-zoom-in animated-active\" style=\"padding-top:0px;padding-bottom:0px\" id=\"wpv-column-120dba53bc2536c17d0de52cf22acbdb\" ><div class=\"sep-3\"><\/div><\/div><\/div>\n<div class=\"push \" style=\"height:30px\"><\/div>\n<div class=\"row \"><div class=\"wpv-grid grid-1-3  wpv-first-level first unextended animation-from-bottom animated-active\" style=\"padding-top:0px;padding-bottom:0px\" id=\"wpv-column-896e31ff2f07d4c38feaa80c7224dcae\" ><div class=\"clearfix dropcap-wrapper\"><div class=\"dropcap-left\"><span class='dropcap1 '>1<\/span><\/div><div class=\"dropcap-text\">Ihr Spezialist<\/div> <\/div><div class=\"push \" style=\"height:20px\"><\/div><img decoding=\"async\" src=\"http:\/\/www.premiummed.hr\/wp-content\/uploads\/2014\/04\/spezialist-1.jpg\" alt=\"spezialist\" \/><br \/>\nBei uns sind Sie richtig, wenn Sie qualifizierte Fach- und F\u00fchrungskr\u00e4fte im Gesundheitswesen suchen oder Unterst\u00fctzung bei der Anerkennung von ausl\u00e4ndischen Mitarbeitern ben\u00f6tigen.<\/p>\n<p>PREMIUMMED ist ihr Spezialist f\u00fcr die Verbindung zwischen Ihrem Unternehmen und kroatischen Fachkr\u00e4ften aus dem Bereich Gesundheitswesen, insbesondere \u00c4rzten und Pflegefschkr\u00e4ften.<\/div>\n<div class=\"wpv-grid grid-1-3  wpv-first-level unextended animation-from-bottom animated-active\" style=\"padding-top:0px;padding-bottom:0px\" id=\"wpv-column-7e19f54b1d5082fca1558b9a4d9a2cf2\" ><div class=\"clearfix dropcap-wrapper\"><div class=\"dropcap-left\"><span class='dropcap1 '>2<\/span><\/div><div class=\"dropcap-text\">Die Chance<\/div> <\/div><div class=\"push \" style=\"height:20px\"><\/div><img decoding=\"async\" src=\"http:\/\/www.premiummed.hr\/wp-content\/uploads\/2014\/04\/chance-1.jpg\" alt=\"chance-1\" \/><br \/>\nDie Chance eine sehr gut ausgebildete Pflegefachkraft zu finden, sind durch den Beitritt Kroatiens zum EU-Markt weiter gewachsen. Die langj\u00e4hrige Beitrittsvorbereitung f\u00fchrte zur Anpassung des kroatischen Hochschulsystems an den EU-Standard, so dass alle Absolventen und Fachkr\u00e4fte \u00fcber ein hervorragendes Ausbildungsniveau und gute Fremdsprachenkenntnisse in Englisch und Deutsch verf\u00fcgen. Dar\u00fcber hinaus vermitteln unsere unternehmensinternen Sprachlehrer unseren Bewerbern fachbezogenes und praxisnahes Deutsch.<\/div>\n<div class=\"wpv-grid grid-1-3  wpv-first-level unextended animation-from-bottom animated-active\" style=\"padding-top:0px;padding-bottom:0px\" id=\"wpv-column-6c0b8c06c7c4d9fbe38df09a9c948d74\" ><div class=\"clearfix dropcap-wrapper\"><div class=\"dropcap-left\"><span class='dropcap1 '>3<\/span><\/div><div class=\"dropcap-text\">Bewerber Pool<\/div> <\/div><div class=\"push \" style=\"height:20px\"><\/div><img decoding=\"async\" src=\"http:\/\/www.premiummed.hr\/wp-content\/uploads\/2014\/04\/pool-1.jpg\" alt=\"pool-1\" \/><br \/>\nPREMIUMMED verf\u00fcgt \u00fcber einen konstant wachsenden Pool an geeigneten Fachkr\u00e4ften. Das Personal wird von uns direkt in Kroatien mit Hilfe eines professionellen Auswahlverfahrens rekrutiert. Unser Ziel ist eine langfristige erfolgreiche Zusammenarbeit von Bewerbern und Kliniken. Dar\u00fcber hinaus arbeiten wir direkt mit mehreren kroatischen Universit\u00e4ten und Spit\u00e4lern zusammen.<\/div><\/div>\n<div class=\"push  wpv-hide-lowres\" style=\"height:60px\"><\/div>\n","protected":false},"excerpt":{"rendered":"<p>PREMIUMMED Personalvermittlung Mit umfangreicher Erfahrung in den Prozessen und Strukturen des Personalmanagements ausl\u00e4ndischer Arbeitskr\u00e4fte stehen wir Ihnen mit Rat und Tat zur Seite \u2013 pers\u00f6nlich, individuell und hoch flexibel! Sie suchen qualifizierte Fachkr\u00e4fte f\u00fcr Ihr Gesundheitsunternehmen? PREMIUMMED ist Ihr Partner f\u00fcr die Vermittlung von Fach- und F\u00fchrungskr\u00e4ften im Gesundheitswesen aus Kroatien. Gemeinsam mit Ihnen erarbeiten&#8230;<\/p>\n","protected":false},"author":2,"featured_media":0,"parent":0,"menu_order":0,"comment_status":"closed","ping_status":"closed","template":"","meta":{"footnotes":""},"class_list":["post-7778","page","type-page","status-publish","hentry"],"yoast_head":"<!-- This site is optimized with the Yoast SEO plugin v27.2 - https:\/\/yoast.com\/product\/yoast-seo-wordpress\/ -->\n<title>\u00dcber Uns - PREMIUMMED<\/title>\n<meta name=\"robots\" content=\"index, follow, max-snippet:-1, max-image-preview:large, max-video-preview:-1\" \/>\n<link rel=\"canonical\" href=\"https:\/\/www.premiummed.hr\/de\/ueber-uns\/\" \/>\n<meta property=\"og:locale\" content=\"en_US\" \/>\n<meta property=\"og:type\" content=\"article\" \/>\n<meta property=\"og:title\" content=\"\u00dcber Uns - PREMIUMMED\" \/>\n<meta property=\"og:description\" content=\"PREMIUMMED Personalvermittlung Mit umfangreicher Erfahrung in den Prozessen und Strukturen des Personalmanagements ausl\u00e4ndischer Arbeitskr\u00e4fte stehen wir Ihnen mit Rat und Tat zur Seite \u2013 pers\u00f6nlich, individuell und hoch flexibel! Sie suchen qualifizierte Fachkr\u00e4fte f\u00fcr Ihr Gesundheitsunternehmen? PREMIUMMED ist Ihr Partner f\u00fcr die Vermittlung von Fach- und F\u00fchrungskr\u00e4ften im Gesundheitswesen aus Kroatien. Gemeinsam mit Ihnen erarbeiten...\" \/>\n<meta property=\"og:url\" content=\"https:\/\/www.premiummed.hr\/de\/ueber-uns\/\" \/>\n<meta property=\"og:site_name\" content=\"PREMIUMMED\" \/>\n<meta property=\"article:modified_time\" content=\"2024-08-28T07:07:44+00:00\" \/>\n<meta property=\"og:image\" content=\"http:\/\/www.premiummed.hr\/wp-content\/uploads\/2015\/08\/about-1.jpg\" \/>\n<meta name=\"twitter:card\" content=\"summary_large_image\" \/>\n<meta name=\"twitter:label1\" content=\"Est. reading time\" \/>\n\t<meta name=\"twitter:data1\" content=\"4 minutes\" \/>\n<script type=\"application\/ld+json\" class=\"yoast-schema-graph\">{\"@context\":\"https:\/\/schema.org\",\"@graph\":[{\"@type\":\"WebPage\",\"@id\":\"https:\/\/www.premiummed.hr\/de\/ueber-uns\/\",\"url\":\"https:\/\/www.premiummed.hr\/de\/ueber-uns\/\",\"name\":\"\u00dcber Uns - PREMIUMMED\",\"isPartOf\":{\"@id\":\"https:\/\/www.premiummed.hr\/#website\"},\"primaryImageOfPage\":{\"@id\":\"https:\/\/www.premiummed.hr\/de\/ueber-uns\/#primaryimage\"},\"image\":{\"@id\":\"https:\/\/www.premiummed.hr\/de\/ueber-uns\/#primaryimage\"},\"thumbnailUrl\":\"http:\/\/www.premiummed.hr\/wp-content\/uploads\/2015\/08\/about-1.jpg\",\"datePublished\":\"2014-04-23T10:38:38+00:00\",\"dateModified\":\"2024-08-28T07:07:44+00:00\",\"breadcrumb\":{\"@id\":\"https:\/\/www.premiummed.hr\/de\/ueber-uns\/#breadcrumb\"},\"inLanguage\":\"dd-DD\",\"potentialAction\":[{\"@type\":\"ReadAction\",\"target\":[\"https:\/\/www.premiummed.hr\/de\/ueber-uns\/\"]}]},{\"@type\":\"ImageObject\",\"inLanguage\":\"dd-DD\",\"@id\":\"https:\/\/www.premiummed.hr\/de\/ueber-uns\/#primaryimage\",\"url\":\"http:\/\/www.premiummed.hr\/wp-content\/uploads\/2015\/08\/about-1.jpg\",\"contentUrl\":\"http:\/\/www.premiummed.hr\/wp-content\/uploads\/2015\/08\/about-1.jpg\"},{\"@type\":\"BreadcrumbList\",\"@id\":\"https:\/\/www.premiummed.hr\/de\/ueber-uns\/#breadcrumb\",\"itemListElement\":[{\"@type\":\"ListItem\",\"position\":1,\"name\":\"Home\",\"item\":\"https:\/\/www.premiummed.hr\/de\/\"},{\"@type\":\"ListItem\",\"position\":2,\"name\":\"\u00dcber Uns\"}]},{\"@type\":\"WebSite\",\"@id\":\"https:\/\/www.premiummed.hr\/#website\",\"url\":\"https:\/\/www.premiummed.hr\/\",\"name\":\"PREMIUMMED\",\"description\":\"Personalvermittlung kroatischer Fachkr&auml;fte\",\"potentialAction\":[{\"@type\":\"SearchAction\",\"target\":{\"@type\":\"EntryPoint\",\"urlTemplate\":\"https:\/\/www.premiummed.hr\/?s={search_term_string}\"},\"query-input\":{\"@type\":\"PropertyValueSpecification\",\"valueRequired\":true,\"valueName\":\"search_term_string\"}}],\"inLanguage\":\"dd-DD\"}]}<\/script>\n<!-- \/ Yoast SEO plugin. -->","yoast_head_json":{"title":"\u00dcber Uns - PREMIUMMED","robots":{"index":"index","follow":"follow","max-snippet":"max-snippet:-1","max-image-preview":"max-image-preview:large","max-video-preview":"max-video-preview:-1"},"canonical":"https:\/\/www.premiummed.hr\/de\/ueber-uns\/","og_locale":"en_US","og_type":"article","og_title":"\u00dcber Uns - PREMIUMMED","og_description":"PREMIUMMED Personalvermittlung Mit umfangreicher Erfahrung in den Prozessen und Strukturen des Personalmanagements ausl\u00e4ndischer Arbeitskr\u00e4fte stehen wir Ihnen mit Rat und Tat zur Seite \u2013 pers\u00f6nlich, individuell und hoch flexibel! Sie suchen qualifizierte Fachkr\u00e4fte f\u00fcr Ihr Gesundheitsunternehmen? PREMIUMMED ist Ihr Partner f\u00fcr die Vermittlung von Fach- und F\u00fchrungskr\u00e4ften im Gesundheitswesen aus Kroatien. Gemeinsam mit Ihnen erarbeiten...","og_url":"https:\/\/www.premiummed.hr\/de\/ueber-uns\/","og_site_name":"PREMIUMMED","article_modified_time":"2024-08-28T07:07:44+00:00","og_image":[{"url":"http:\/\/www.premiummed.hr\/wp-content\/uploads\/2015\/08\/about-1.jpg","type":"","width":"","height":""}],"twitter_card":"summary_large_image","twitter_misc":{"Est. reading time":"4 minutes"},"schema":{"@context":"https:\/\/schema.org","@graph":[{"@type":"WebPage","@id":"https:\/\/www.premiummed.hr\/de\/ueber-uns\/","url":"https:\/\/www.premiummed.hr\/de\/ueber-uns\/","name":"\u00dcber Uns - PREMIUMMED","isPartOf":{"@id":"https:\/\/www.premiummed.hr\/#website"},"primaryImageOfPage":{"@id":"https:\/\/www.premiummed.hr\/de\/ueber-uns\/#primaryimage"},"image":{"@id":"https:\/\/www.premiummed.hr\/de\/ueber-uns\/#primaryimage"},"thumbnailUrl":"http:\/\/www.premiummed.hr\/wp-content\/uploads\/2015\/08\/about-1.jpg","datePublished":"2014-04-23T10:38:38+00:00","dateModified":"2024-08-28T07:07:44+00:00","breadcrumb":{"@id":"https:\/\/www.premiummed.hr\/de\/ueber-uns\/#breadcrumb"},"inLanguage":"dd-DD","potentialAction":[{"@type":"ReadAction","target":["https:\/\/www.premiummed.hr\/de\/ueber-uns\/"]}]},{"@type":"ImageObject","inLanguage":"dd-DD","@id":"https:\/\/www.premiummed.hr\/de\/ueber-uns\/#primaryimage","url":"http:\/\/www.premiummed.hr\/wp-content\/uploads\/2015\/08\/about-1.jpg","contentUrl":"http:\/\/www.premiummed.hr\/wp-content\/uploads\/2015\/08\/about-1.jpg"},{"@type":"BreadcrumbList","@id":"https:\/\/www.premiummed.hr\/de\/ueber-uns\/#breadcrumb","itemListElement":[{"@type":"ListItem","position":1,"name":"Home","item":"https:\/\/www.premiummed.hr\/de\/"},{"@type":"ListItem","position":2,"name":"\u00dcber Uns"}]},{"@type":"WebSite","@id":"https:\/\/www.premiummed.hr\/#website","url":"https:\/\/www.premiummed.hr\/","name":"PREMIUMMED","description":"Personalvermittlung kroatischer Fachkr&auml;fte","potentialAction":[{"@type":"SearchAction","target":{"@type":"EntryPoint","urlTemplate":"https:\/\/www.premiummed.hr\/?s={search_term_string}"},"query-input":{"@type":"PropertyValueSpecification","valueRequired":true,"valueName":"search_term_string"}}],"inLanguage":"dd-DD"}]}},"_links":{"self":[{"href":"https:\/\/www.premiummed.hr\/de\/wp-json\/wp\/v2\/pages\/7778","targetHints":{"allow":["GET"]}}],"collection":[{"href":"https:\/\/www.premiummed.hr\/de\/wp-json\/wp\/v2\/pages"}],"about":[{"href":"https:\/\/www.premiummed.hr\/de\/wp-json\/wp\/v2\/types\/page"}],"author":[{"embeddable":true,"href":"https:\/\/www.premiummed.hr\/de\/wp-json\/wp\/v2\/users\/2"}],"replies":[{"embeddable":true,"href":"https:\/\/www.premiummed.hr\/de\/wp-json\/wp\/v2\/comments?post=7778"}],"version-history":[{"count":71,"href":"https:\/\/www.premiummed.hr\/de\/wp-json\/wp\/v2\/pages\/7778\/revisions"}],"predecessor-version":[{"id":10965,"href":"https:\/\/www.premiummed.hr\/de\/wp-json\/wp\/v2\/pages\/7778\/revisions\/10965"}],"wp:attachment":[{"href":"https:\/\/www.premiummed.hr\/de\/wp-json\/wp\/v2\/media?parent=7778"}],"curies":[{"name":"wp","href":"https:\/\/api.w.org\/{rel}","templated":true}]}}