{"id":7956,"date":"2014-07-04T10:06:07","date_gmt":"2014-07-04T10:06:07","guid":{"rendered":"http:\/\/auto-repair.vamtam.com\/?page_id=7956"},"modified":"2024-08-29T15:04:17","modified_gmt":"2024-08-29T15:04:17","slug":"leistungen-services","status":"publish","type":"page","link":"https:\/\/www.premiummed.hr\/de\/leistungen-services\/","title":{"rendered":"Leistungen &#038; Services"},"content":{"rendered":"<div class=\"push \" style=\"height:30px\"><\/div>\n<div class=\"row \"><div class=\"wpv-grid grid-1-1 move-into-slider-2 wpv-first-level first unextended\" style=\"padding-top:0px;padding-bottom:0px\" id=\"wpv-column-fd5074b3ba8f1a5c93682347fc6f5156\" ><div class=\"row \"><div class=\"wpv-grid grid-1-2  first unextended\" style=\"padding-top:20px;padding-bottom:0px\" id=\"wpv-column-5f2866cfef6b85a8d58f0a26fc809cf6\" ><div class=\"row \"><div class=\"wpv-grid grid-1-1 add-border first unextended\" style=\"padding-top:0px;padding-bottom:20px\" id=\"wpv-column-369acfcc9ae59ce2f60214c7255ac1c6\" ><div class=\"row \"><div class=\"wpv-grid grid-1-1  first unextended\" style=\"padding-top:0px;padding-bottom:0px\" id=\"wpv-column-4201c85abec20bb34e2b1f216277a51f\" ><p>&nbsp;<\/p>\n<p><center><img decoding=\"async\" src=\"http:\/\/www.premiummed.hr\/wp-content\/uploads\/2019\/10\/bgg.jpg\" alt=\"\" \/><\/center>&nbsp;<\/p>\n<div class=\"push  wpv-hide-lowres\" style=\"margin-bottom:-80px\"><\/div>\n<p style=\"text-align: center;\"><span class='icon shortcode  box use-hover' style='color:#808080;font-size:38px !important;'><svg xmlns=\"http:\/\/www.w3.org\/2000\/svg\" width=\"70\" height=\"81\" viewbox=\"0 0 70 81\"><path d=\"M35.062 81a5.498 5.498 0 0 1-2.785-.761L2.865 62.906c-1.727-1.019-2.8-2.919-2.802-4.957L0 23.171c-.004-2.041 1.063-3.944 2.786-4.966L32.134.759C33.826-.248 36.02-.253 37.721.748l29.414 17.334c1.725 1.016 2.798 2.916 2.801 4.955L70 57.815c.003 2.041-1.065 3.943-2.786 4.966L37.865 80.227a5.482 5.482 0 0 1-2.803.773z\" fill=\"#ffffff\"\/><\/svg><span class='char'>&#57625;<\/span><\/span>\n<h2 style=\"text-align: center;\">Premium Paket<\/h2>\n<h3 style=\"text-align: center;\">f\u00fcr Unternehmen<\/h3>\n<ul>\n<li>Flexibles, spontanes und individuelles Problemsolving<\/li>\n<li>Bereitstellung Bewerber Pool und Unterst\u00fctzung bei der Bewerberauswahl<\/li>\n<li>Sprachausbildung des Bewerbers bis zum B2 Sprachlevel.<\/li>\n<li>Pr\u00fcfung beim lizenzierten \u00d6SD-Pr\u00fcfungszentrum in Zagreb-Premiummed<\/li>\n<li>Fachspezifische Sprachausbildung mit Experten<\/li>\n<li>Auf Wunsch weiterf\u00fchrender Sprachkurs in Deutschland C1 &amp; C2 Sprachlevel<\/li>\n<li>Organisieren von Schnuppertagen zum pers\u00f6nlichen Kennenlernen<\/li>\n<li>Premiummed hat einen internen Gerichtsdolmetscher f\u00fcr Deutsch-Kroatisch-Tschechisch-Englisch<\/li>\n<li>Unterst\u00fctzung bei der Bindung im sozialen Umfeld<\/li>\n<li>Unterst\u00fctzung bei der Wahl und der Anmeldung der Krankenversicherung<\/li>\n<li>Unterst\u00fctzung bei dem gesamten Anerkennungsverfahren (Unterlagen pr\u00fcfen, \u00fcbersetzten und amtlich beglaubigen, SRK-Antrag stellen und das Verfahren begleiten)<\/li>\n<li>Unterst\u00fctzung bei der strukturierten Einarbeitung der Pflegefachkraft vor Ort<\/li>\n<li>Individuelles Schulungsprogramm (z.B. Dienstanweisungen, Leitbilder usw.)<\/li>\n<\/ul>\n<a href=\"http:\/\/premiummed.hr\/kontakt\" target=\"_self\" style='font-size: 14px;' class=\"vamtam-button accent1  button-filled hover-accent3  alignleft\"><span class=\"btext\">Anfrage stellen<\/span><span class='icon shortcode theme  use-hover' style='color:#a6d9ed;font-size:22px !important;'>&#58886;<\/span><\/a><\/div><\/div><\/div><\/div><\/div>\n<div class=\"wpv-grid grid-1-2  unextended\" style=\"padding-top:20px;padding-bottom:0px\" id=\"wpv-column-3b517c777c528609a29182960dcc1297\" ><div class=\"row \"><div class=\"wpv-grid grid-1-1 add-border first unextended\" style=\"padding-top:0px;padding-bottom:20px\" id=\"wpv-column-1ccee5406b343c805e0bf86c9f1e1382\" ><div class=\"row \"><div class=\"wpv-grid grid-1-1  first unextended\" style=\"padding-top:0px;padding-bottom:0px\" id=\"wpv-column-91c6ac33247aa94be8a916109e7f1fa0\" ><p>&nbsp;<\/p>\n<p><center><img decoding=\"async\" src=\"http:\/\/www.premiummed.hr\/wp-content\/uploads\/2019\/10\/bgg.jpg\" alt=\"\" \/><\/center>&nbsp;<\/p>\n<div class=\"push  wpv-hide-lowres\" style=\"margin-bottom:-80px\"><\/div>\n<p style=\"text-align: center;\"><span class='icon shortcode  box use-hover' style='color:#808080;font-size:38px !important;'><svg xmlns=\"http:\/\/www.w3.org\/2000\/svg\" width=\"70\" height=\"81\" viewbox=\"0 0 70 81\"><path d=\"M35.062 81a5.498 5.498 0 0 1-2.785-.761L2.865 62.906c-1.727-1.019-2.8-2.919-2.802-4.957L0 23.171c-.004-2.041 1.063-3.944 2.786-4.966L32.134.759C33.826-.248 36.02-.253 37.721.748l29.414 17.334c1.725 1.016 2.798 2.916 2.801 4.955L70 57.815c.003 2.041-1.065 3.943-2.786 4.966L37.865 80.227a5.482 5.482 0 0 1-2.803.773z\" fill=\"#ffffff\"\/><\/svg><span class='char'>&#57610;<\/span><\/span>\n<h2 style=\"text-align: center;\">Leistungspaket<\/h2>\n<h3 style=\"text-align: center;\">f\u00fcr Bewerber<\/h3>\n<ul>\n<li>Vermittlung und Anstellung in der Schweiz <span style=\"text-decoration: line-through;\">\u00a0<\/span><span style=\"text-decoration: line-through;\">Deutschland<\/span> nach bestandenem Bewerbungsgespr\u00e4ch und B2 Sprachlevel (deutsch)<\/li>\n<li>Sprachausbildung des Bewerbers bis zum B2\/C1\/C2 Level (Pr\u00fcfung beim lizenzierten \u00d6SD Pr\u00fcfungszentrum in Zagreb)<\/li>\n<li>Pr\u00fcfen der Anerkennungsvoraussetzungen der Bewerber<\/li>\n<li>Unterst\u00fctzung bei dem gesamten Anerkennungsverfahren (Unterlagen pr\u00fcfen, \u00fcbersetzten und amtlich beglaubigen, SRK-Antrag stellen und das Verfahren begleiten)<span style=\"text-decoration: line-through;\">.<\/span><\/li>\n<li>Unterst\u00fctzung bei der Krankenversicherung und der Integration<\/li>\n<\/ul>\n<a href=\"http:\/\/premiummed.hr\/anmelden\" target=\"_self\" style='font-size: 14px;' class=\"vamtam-button accent1  button-filled hover-accent3  alignleft\"><span class=\"btext\">Jetzt bewerben<\/span><span class='icon shortcode theme  use-hover' style='color:#a6d9ed;font-size:22px !important;'>&#58886;<\/span><\/a><\/div><\/div><\/div><\/div><\/div><\/div><\/div><\/div>\n<div class=\"push  wpv-hide-lowres\" style=\"height:70px\"><\/div>\n","protected":false},"excerpt":{"rendered":"<p>&nbsp; &nbsp; Premium Paket f\u00fcr Unternehmen Flexibles, spontanes und individuelles Problemsolving Bereitstellung Bewerber Pool und Unterst\u00fctzung bei der Bewerberauswahl Sprachausbildung des Bewerbers bis zum B2 Sprachlevel. Pr\u00fcfung beim lizenzierten \u00d6SD-Pr\u00fcfungszentrum in Zagreb-Premiummed Fachspezifische Sprachausbildung mit Experten Auf Wunsch weiterf\u00fchrender Sprachkurs in Deutschland C1 &amp; C2 Sprachlevel Organisieren von Schnuppertagen zum pers\u00f6nlichen Kennenlernen Premiummed hat einen&#8230;<\/p>\n","protected":false},"author":2,"featured_media":0,"parent":0,"menu_order":0,"comment_status":"closed","ping_status":"open","template":"","meta":{"footnotes":""},"class_list":["post-7956","page","type-page","status-publish","hentry"],"yoast_head":"<!-- This site is optimized with the Yoast SEO plugin v27.2 - https:\/\/yoast.com\/product\/yoast-seo-wordpress\/ -->\n<title>Leistungen &amp; Services - PREMIUMMED<\/title>\n<meta name=\"robots\" content=\"index, follow, max-snippet:-1, max-image-preview:large, max-video-preview:-1\" \/>\n<link rel=\"canonical\" href=\"https:\/\/www.premiummed.hr\/de\/leistungen-services\/\" \/>\n<meta property=\"og:locale\" content=\"en_US\" \/>\n<meta property=\"og:type\" content=\"article\" \/>\n<meta property=\"og:title\" content=\"Leistungen &amp; Services - PREMIUMMED\" \/>\n<meta property=\"og:description\" content=\"&nbsp; &nbsp; Premium Paket f\u00fcr Unternehmen Flexibles, spontanes und individuelles Problemsolving Bereitstellung Bewerber Pool und Unterst\u00fctzung bei der Bewerberauswahl Sprachausbildung des Bewerbers bis zum B2 Sprachlevel. Pr\u00fcfung beim lizenzierten \u00d6SD-Pr\u00fcfungszentrum in Zagreb-Premiummed Fachspezifische Sprachausbildung mit Experten Auf Wunsch weiterf\u00fchrender Sprachkurs in Deutschland C1 &amp; C2 Sprachlevel Organisieren von Schnuppertagen zum pers\u00f6nlichen Kennenlernen Premiummed hat einen...\" \/>\n<meta property=\"og:url\" content=\"https:\/\/www.premiummed.hr\/de\/leistungen-services\/\" \/>\n<meta property=\"og:site_name\" content=\"PREMIUMMED\" \/>\n<meta property=\"article:modified_time\" content=\"2024-08-29T15:04:17+00:00\" \/>\n<meta property=\"og:image\" content=\"http:\/\/www.premiummed.hr\/wp-content\/uploads\/2019\/10\/bgg.jpg\" \/>\n<meta name=\"twitter:card\" content=\"summary_large_image\" \/>\n<meta name=\"twitter:label1\" content=\"Est. reading time\" \/>\n\t<meta name=\"twitter:data1\" content=\"3 minutes\" \/>\n<script type=\"application\/ld+json\" class=\"yoast-schema-graph\">{\"@context\":\"https:\/\/schema.org\",\"@graph\":[{\"@type\":\"WebPage\",\"@id\":\"https:\/\/www.premiummed.hr\/de\/leistungen-services\/\",\"url\":\"https:\/\/www.premiummed.hr\/de\/leistungen-services\/\",\"name\":\"Leistungen & Services - PREMIUMMED\",\"isPartOf\":{\"@id\":\"https:\/\/www.premiummed.hr\/#website\"},\"primaryImageOfPage\":{\"@id\":\"https:\/\/www.premiummed.hr\/de\/leistungen-services\/#primaryimage\"},\"image\":{\"@id\":\"https:\/\/www.premiummed.hr\/de\/leistungen-services\/#primaryimage\"},\"thumbnailUrl\":\"http:\/\/www.premiummed.hr\/wp-content\/uploads\/2019\/10\/bgg.jpg\",\"datePublished\":\"2014-07-04T10:06:07+00:00\",\"dateModified\":\"2024-08-29T15:04:17+00:00\",\"breadcrumb\":{\"@id\":\"https:\/\/www.premiummed.hr\/de\/leistungen-services\/#breadcrumb\"},\"inLanguage\":\"dd-DD\",\"potentialAction\":[{\"@type\":\"ReadAction\",\"target\":[\"https:\/\/www.premiummed.hr\/de\/leistungen-services\/\"]}]},{\"@type\":\"ImageObject\",\"inLanguage\":\"dd-DD\",\"@id\":\"https:\/\/www.premiummed.hr\/de\/leistungen-services\/#primaryimage\",\"url\":\"http:\/\/www.premiummed.hr\/wp-content\/uploads\/2019\/10\/bgg.jpg\",\"contentUrl\":\"http:\/\/www.premiummed.hr\/wp-content\/uploads\/2019\/10\/bgg.jpg\"},{\"@type\":\"BreadcrumbList\",\"@id\":\"https:\/\/www.premiummed.hr\/de\/leistungen-services\/#breadcrumb\",\"itemListElement\":[{\"@type\":\"ListItem\",\"position\":1,\"name\":\"Home\",\"item\":\"https:\/\/www.premiummed.hr\/de\/\"},{\"@type\":\"ListItem\",\"position\":2,\"name\":\"Leistungen &#038; Services\"}]},{\"@type\":\"WebSite\",\"@id\":\"https:\/\/www.premiummed.hr\/#website\",\"url\":\"https:\/\/www.premiummed.hr\/\",\"name\":\"PREMIUMMED\",\"description\":\"Personalvermittlung kroatischer Fachkr&auml;fte\",\"potentialAction\":[{\"@type\":\"SearchAction\",\"target\":{\"@type\":\"EntryPoint\",\"urlTemplate\":\"https:\/\/www.premiummed.hr\/?s={search_term_string}\"},\"query-input\":{\"@type\":\"PropertyValueSpecification\",\"valueRequired\":true,\"valueName\":\"search_term_string\"}}],\"inLanguage\":\"dd-DD\"}]}<\/script>\n<!-- \/ Yoast SEO plugin. -->","yoast_head_json":{"title":"Leistungen & Services - PREMIUMMED","robots":{"index":"index","follow":"follow","max-snippet":"max-snippet:-1","max-image-preview":"max-image-preview:large","max-video-preview":"max-video-preview:-1"},"canonical":"https:\/\/www.premiummed.hr\/de\/leistungen-services\/","og_locale":"en_US","og_type":"article","og_title":"Leistungen & Services - PREMIUMMED","og_description":"&nbsp; &nbsp; Premium Paket f\u00fcr Unternehmen Flexibles, spontanes und individuelles Problemsolving Bereitstellung Bewerber Pool und Unterst\u00fctzung bei der Bewerberauswahl Sprachausbildung des Bewerbers bis zum B2 Sprachlevel. Pr\u00fcfung beim lizenzierten \u00d6SD-Pr\u00fcfungszentrum in Zagreb-Premiummed Fachspezifische Sprachausbildung mit Experten Auf Wunsch weiterf\u00fchrender Sprachkurs in Deutschland C1 &amp; C2 Sprachlevel Organisieren von Schnuppertagen zum pers\u00f6nlichen Kennenlernen Premiummed hat einen...","og_url":"https:\/\/www.premiummed.hr\/de\/leistungen-services\/","og_site_name":"PREMIUMMED","article_modified_time":"2024-08-29T15:04:17+00:00","og_image":[{"url":"http:\/\/www.premiummed.hr\/wp-content\/uploads\/2019\/10\/bgg.jpg","type":"","width":"","height":""}],"twitter_card":"summary_large_image","twitter_misc":{"Est. reading time":"3 minutes"},"schema":{"@context":"https:\/\/schema.org","@graph":[{"@type":"WebPage","@id":"https:\/\/www.premiummed.hr\/de\/leistungen-services\/","url":"https:\/\/www.premiummed.hr\/de\/leistungen-services\/","name":"Leistungen & Services - PREMIUMMED","isPartOf":{"@id":"https:\/\/www.premiummed.hr\/#website"},"primaryImageOfPage":{"@id":"https:\/\/www.premiummed.hr\/de\/leistungen-services\/#primaryimage"},"image":{"@id":"https:\/\/www.premiummed.hr\/de\/leistungen-services\/#primaryimage"},"thumbnailUrl":"http:\/\/www.premiummed.hr\/wp-content\/uploads\/2019\/10\/bgg.jpg","datePublished":"2014-07-04T10:06:07+00:00","dateModified":"2024-08-29T15:04:17+00:00","breadcrumb":{"@id":"https:\/\/www.premiummed.hr\/de\/leistungen-services\/#breadcrumb"},"inLanguage":"dd-DD","potentialAction":[{"@type":"ReadAction","target":["https:\/\/www.premiummed.hr\/de\/leistungen-services\/"]}]},{"@type":"ImageObject","inLanguage":"dd-DD","@id":"https:\/\/www.premiummed.hr\/de\/leistungen-services\/#primaryimage","url":"http:\/\/www.premiummed.hr\/wp-content\/uploads\/2019\/10\/bgg.jpg","contentUrl":"http:\/\/www.premiummed.hr\/wp-content\/uploads\/2019\/10\/bgg.jpg"},{"@type":"BreadcrumbList","@id":"https:\/\/www.premiummed.hr\/de\/leistungen-services\/#breadcrumb","itemListElement":[{"@type":"ListItem","position":1,"name":"Home","item":"https:\/\/www.premiummed.hr\/de\/"},{"@type":"ListItem","position":2,"name":"Leistungen &#038; Services"}]},{"@type":"WebSite","@id":"https:\/\/www.premiummed.hr\/#website","url":"https:\/\/www.premiummed.hr\/","name":"PREMIUMMED","description":"Personalvermittlung kroatischer Fachkr&auml;fte","potentialAction":[{"@type":"SearchAction","target":{"@type":"EntryPoint","urlTemplate":"https:\/\/www.premiummed.hr\/?s={search_term_string}"},"query-input":{"@type":"PropertyValueSpecification","valueRequired":true,"valueName":"search_term_string"}}],"inLanguage":"dd-DD"}]}},"_links":{"self":[{"href":"https:\/\/www.premiummed.hr\/de\/wp-json\/wp\/v2\/pages\/7956","targetHints":{"allow":["GET"]}}],"collection":[{"href":"https:\/\/www.premiummed.hr\/de\/wp-json\/wp\/v2\/pages"}],"about":[{"href":"https:\/\/www.premiummed.hr\/de\/wp-json\/wp\/v2\/types\/page"}],"author":[{"embeddable":true,"href":"https:\/\/www.premiummed.hr\/de\/wp-json\/wp\/v2\/users\/2"}],"replies":[{"embeddable":true,"href":"https:\/\/www.premiummed.hr\/de\/wp-json\/wp\/v2\/comments?post=7956"}],"version-history":[{"count":67,"href":"https:\/\/www.premiummed.hr\/de\/wp-json\/wp\/v2\/pages\/7956\/revisions"}],"predecessor-version":[{"id":10967,"href":"https:\/\/www.premiummed.hr\/de\/wp-json\/wp\/v2\/pages\/7956\/revisions\/10967"}],"wp:attachment":[{"href":"https:\/\/www.premiummed.hr\/de\/wp-json\/wp\/v2\/media?parent=7956"}],"curies":[{"name":"wp","href":"https:\/\/api.w.org\/{rel}","templated":true}]}}