{"id":9850,"date":"2015-07-07T15:32:50","date_gmt":"2015-07-07T15:32:50","guid":{"rendered":"http:\/\/www.premiummed.hr\/?page_id=9850"},"modified":"2015-09-03T13:36:13","modified_gmt":"2015-09-03T13:36:13","slug":"anmelden","status":"publish","type":"page","link":"https:\/\/www.premiummed.hr\/de\/anmelden\/","title":{"rendered":"Anmelden"},"content":{"rendered":"<div class=\"row \"><div class=\"wpv-grid grid-2-3  wpv-first-level first unextended\" style=\"padding-top:0px;padding-bottom:0px\" id=\"wpv-column-5364d4416073dad13c6285a7c13a4a5b\" ><h2>Hier bewerben<\/h2>\n<div class=\"row \"><div class=\"wpv-grid grid-1-1  first unextended animation-from-top animated-active\" style=\"padding-top:0px;padding-bottom:0px\" id=\"wpv-column-36afd6993dcf478c789b51c330ca15f7\" ><p>\n<div class=\"wpcf7 no-js\" id=\"wpcf7-f10321-o1\" lang=\"de-DE\" dir=\"ltr\" data-wpcf7-id=\"10321\">\n<div class=\"screen-reader-response\"><p role=\"status\" aria-live=\"polite\" aria-atomic=\"true\"><\/p> <ul><\/ul><\/div>\n<form action=\"\/de\/wp-json\/wp\/v2\/pages\/9850#wpcf7-f10321-o1\" method=\"post\" class=\"wpcf7-form init\" aria-label=\"Contact form\" enctype=\"multipart\/form-data\" novalidate=\"novalidate\" data-status=\"init\">\n<fieldset class=\"hidden-fields-container\"><input type=\"hidden\" name=\"_wpcf7\" value=\"10321\" \/><input type=\"hidden\" name=\"_wpcf7_version\" value=\"6.1.5\" \/><input type=\"hidden\" name=\"_wpcf7_locale\" value=\"de_DE\" \/><input type=\"hidden\" name=\"_wpcf7_unit_tag\" value=\"wpcf7-f10321-o1\" \/><input type=\"hidden\" name=\"_wpcf7_container_post\" value=\"0\" \/><input type=\"hidden\" name=\"_wpcf7_posted_data_hash\" value=\"\" \/><input type=\"hidden\" name=\"_wpcf7_recaptcha_response\" value=\"\" \/>\n<\/fieldset>\n<p>Vor- & Nachname*\n<\/p>\n<p><span class=\"wpcf7-form-control-wrap\" data-name=\"your-name\"><input size=\"40\" maxlength=\"400\" class=\"wpcf7-form-control wpcf7-text wpcf7-validates-as-required\" aria-required=\"true\" aria-invalid=\"false\" value=\"\" type=\"text\" name=\"your-name\" \/><\/span>\n<\/p>\n<p>Email*\n<\/p>\n<p><span class=\"wpcf7-form-control-wrap\" data-name=\"your-email\"><input size=\"40\" maxlength=\"400\" class=\"wpcf7-form-control wpcf7-email wpcf7-validates-as-required wpcf7-text wpcf7-validates-as-email\" aria-required=\"true\" aria-invalid=\"false\" value=\"\" type=\"email\" name=\"your-email\" \/><\/span>\n<\/p>\n<p>Telefon*\n<\/p>\n<p><span class=\"wpcf7-form-control-wrap\" data-name=\"tel-904\"><input size=\"40\" maxlength=\"400\" class=\"wpcf7-form-control wpcf7-tel wpcf7-validates-as-required wpcf7-text wpcf7-validates-as-tel\" aria-required=\"true\" aria-invalid=\"false\" value=\"\" type=\"tel\" name=\"tel-904\" \/><\/span>\n<\/p>\n<p>Wie sind Sie auf PREMIUMMED aufmerksam geworden?*\n<\/p>\n<p><span class=\"wpcf7-form-control-wrap\" data-name=\"gdje\"><input size=\"40\" maxlength=\"400\" class=\"wpcf7-form-control wpcf7-text wpcf7-validates-as-required\" aria-required=\"true\" aria-invalid=\"false\" value=\"\" type=\"text\" name=\"gdje\" \/><\/span>\n<\/p>\n<p><strong>Upload Bewerbungsunterlagen\/Lebenslauf<\/strong>\n<\/p>\n<p><span class=\"wpcf7-form-control-wrap\" data-name=\"file-551\"><input size=\"40\" class=\"wpcf7-form-control wpcf7-file wpcf7-validates-as-required\" accept=\"audio\/*,video\/*,image\/*\" aria-required=\"true\" aria-invalid=\"false\" type=\"file\" name=\"file-551\" \/><\/span>\n<\/p>\n<p>Betreff\n<\/p>\n<p><span class=\"wpcf7-form-control-wrap\" data-name=\"your-subject\"><input size=\"40\" maxlength=\"400\" class=\"wpcf7-form-control wpcf7-text\" aria-invalid=\"false\" value=\"PREMIUMMED \/ Bewerbung\" type=\"text\" name=\"your-subject\" \/><\/span>\n<\/p>\n<p>Ihre Nachricht\n<\/p>\n<p><span class=\"wpcf7-form-control-wrap\" data-name=\"your-message\"><textarea cols=\"40\" rows=\"10\" maxlength=\"2000\" class=\"wpcf7-form-control wpcf7-textarea\" aria-invalid=\"false\" name=\"your-message\"><\/textarea><\/span>\n<\/p>\n<p><input class=\"wpcf7-form-control wpcf7-submit has-spinner\" type=\"submit\" value=\"Bewerbung absenden \u2192\" \/>\n<\/p><div class=\"wpcf7-response-output\" aria-hidden=\"true\"><\/div>\n<\/form>\n<\/div>\n<\/div><\/div><\/div>\n<div class=\"wpv-grid grid-1-3  wpv-first-level unextended\" style=\"padding-top:0px;padding-bottom:0px\" id=\"wpv-column-2be632623478984bafb7fe1b3efe5e92\" ><h1>Bewerbung<\/h1>\n<p>\u00dcbersenden Sie uns Ihre Bewerbung und wir melden uns schnellstm\u00f6glich bei Ihnen zur\u00fcck.<\/p>\n<p>Wir freuen uns auf Sie!<\/p>\n<p><img decoding=\"async\" src=\"http:\/\/www.premiummed.hr\/wp-content\/uploads\/2015\/09\/personal-9.jpg\" alt=\"\" \/><br \/>\n<img decoding=\"async\" src=\"http:\/\/www.premiummed.hr\/wp-content\/uploads\/2015\/09\/personal-8.jpg\" alt=\"\" \/><\/div><\/div>\n","protected":false},"excerpt":{"rendered":"<p>Hier bewerben Bewerbung \u00dcbersenden Sie uns Ihre Bewerbung und wir melden uns schnellstm\u00f6glich bei Ihnen zur\u00fcck. Wir freuen uns auf Sie!<\/p>\n","protected":false},"author":1,"featured_media":0,"parent":0,"menu_order":0,"comment_status":"closed","ping_status":"open","template":"","meta":{"footnotes":""},"class_list":["post-9850","page","type-page","status-publish","hentry"],"yoast_head":"<!-- This site is optimized with the Yoast SEO plugin v27.2 - https:\/\/yoast.com\/product\/yoast-seo-wordpress\/ -->\n<title>Anmelden - PREMIUMMED<\/title>\n<meta name=\"robots\" content=\"index, follow, max-snippet:-1, max-image-preview:large, max-video-preview:-1\" \/>\n<link rel=\"canonical\" href=\"https:\/\/www.premiummed.hr\/de\/anmelden\/\" \/>\n<meta property=\"og:locale\" content=\"en_US\" \/>\n<meta property=\"og:type\" content=\"article\" \/>\n<meta property=\"og:title\" content=\"Anmelden - PREMIUMMED\" \/>\n<meta property=\"og:description\" content=\"Hier bewerben Bewerbung \u00dcbersenden Sie uns Ihre Bewerbung und wir melden uns schnellstm\u00f6glich bei Ihnen zur\u00fcck. Wir freuen uns auf Sie!\" \/>\n<meta property=\"og:url\" content=\"https:\/\/www.premiummed.hr\/de\/anmelden\/\" \/>\n<meta property=\"og:site_name\" content=\"PREMIUMMED\" \/>\n<meta property=\"article:modified_time\" content=\"2015-09-03T13:36:13+00:00\" \/>\n<meta property=\"og:image\" content=\"http:\/\/www.premiummed.hr\/wp-content\/uploads\/2015\/09\/personal-9.jpg\" \/>\n<meta name=\"twitter:card\" content=\"summary_large_image\" \/>\n<meta name=\"twitter:label1\" content=\"Est. reading time\" \/>\n\t<meta name=\"twitter:data1\" content=\"1 minute\" \/>\n<script type=\"application\/ld+json\" class=\"yoast-schema-graph\">{\"@context\":\"https:\/\/schema.org\",\"@graph\":[{\"@type\":\"WebPage\",\"@id\":\"https:\/\/www.premiummed.hr\/de\/anmelden\/\",\"url\":\"https:\/\/www.premiummed.hr\/de\/anmelden\/\",\"name\":\"Anmelden - PREMIUMMED\",\"isPartOf\":{\"@id\":\"https:\/\/www.premiummed.hr\/#website\"},\"primaryImageOfPage\":{\"@id\":\"https:\/\/www.premiummed.hr\/de\/anmelden\/#primaryimage\"},\"image\":{\"@id\":\"https:\/\/www.premiummed.hr\/de\/anmelden\/#primaryimage\"},\"thumbnailUrl\":\"http:\/\/www.premiummed.hr\/wp-content\/uploads\/2015\/09\/personal-9.jpg\",\"datePublished\":\"2015-07-07T15:32:50+00:00\",\"dateModified\":\"2015-09-03T13:36:13+00:00\",\"breadcrumb\":{\"@id\":\"https:\/\/www.premiummed.hr\/de\/anmelden\/#breadcrumb\"},\"inLanguage\":\"dd-DD\",\"potentialAction\":[{\"@type\":\"ReadAction\",\"target\":[\"https:\/\/www.premiummed.hr\/de\/anmelden\/\"]}]},{\"@type\":\"ImageObject\",\"inLanguage\":\"dd-DD\",\"@id\":\"https:\/\/www.premiummed.hr\/de\/anmelden\/#primaryimage\",\"url\":\"http:\/\/www.premiummed.hr\/wp-content\/uploads\/2015\/09\/personal-9.jpg\",\"contentUrl\":\"http:\/\/www.premiummed.hr\/wp-content\/uploads\/2015\/09\/personal-9.jpg\"},{\"@type\":\"BreadcrumbList\",\"@id\":\"https:\/\/www.premiummed.hr\/de\/anmelden\/#breadcrumb\",\"itemListElement\":[{\"@type\":\"ListItem\",\"position\":1,\"name\":\"Home\",\"item\":\"https:\/\/www.premiummed.hr\/de\/\"},{\"@type\":\"ListItem\",\"position\":2,\"name\":\"Anmelden\"}]},{\"@type\":\"WebSite\",\"@id\":\"https:\/\/www.premiummed.hr\/#website\",\"url\":\"https:\/\/www.premiummed.hr\/\",\"name\":\"PREMIUMMED\",\"description\":\"Personalvermittlung kroatischer Fachkr&auml;fte\",\"potentialAction\":[{\"@type\":\"SearchAction\",\"target\":{\"@type\":\"EntryPoint\",\"urlTemplate\":\"https:\/\/www.premiummed.hr\/?s={search_term_string}\"},\"query-input\":{\"@type\":\"PropertyValueSpecification\",\"valueRequired\":true,\"valueName\":\"search_term_string\"}}],\"inLanguage\":\"dd-DD\"}]}<\/script>\n<!-- \/ Yoast SEO plugin. -->","yoast_head_json":{"title":"Anmelden - PREMIUMMED","robots":{"index":"index","follow":"follow","max-snippet":"max-snippet:-1","max-image-preview":"max-image-preview:large","max-video-preview":"max-video-preview:-1"},"canonical":"https:\/\/www.premiummed.hr\/de\/anmelden\/","og_locale":"en_US","og_type":"article","og_title":"Anmelden - PREMIUMMED","og_description":"Hier bewerben Bewerbung \u00dcbersenden Sie uns Ihre Bewerbung und wir melden uns schnellstm\u00f6glich bei Ihnen zur\u00fcck. Wir freuen uns auf Sie!","og_url":"https:\/\/www.premiummed.hr\/de\/anmelden\/","og_site_name":"PREMIUMMED","article_modified_time":"2015-09-03T13:36:13+00:00","og_image":[{"url":"http:\/\/www.premiummed.hr\/wp-content\/uploads\/2015\/09\/personal-9.jpg","type":"","width":"","height":""}],"twitter_card":"summary_large_image","twitter_misc":{"Est. reading time":"1 minute"},"schema":{"@context":"https:\/\/schema.org","@graph":[{"@type":"WebPage","@id":"https:\/\/www.premiummed.hr\/de\/anmelden\/","url":"https:\/\/www.premiummed.hr\/de\/anmelden\/","name":"Anmelden - PREMIUMMED","isPartOf":{"@id":"https:\/\/www.premiummed.hr\/#website"},"primaryImageOfPage":{"@id":"https:\/\/www.premiummed.hr\/de\/anmelden\/#primaryimage"},"image":{"@id":"https:\/\/www.premiummed.hr\/de\/anmelden\/#primaryimage"},"thumbnailUrl":"http:\/\/www.premiummed.hr\/wp-content\/uploads\/2015\/09\/personal-9.jpg","datePublished":"2015-07-07T15:32:50+00:00","dateModified":"2015-09-03T13:36:13+00:00","breadcrumb":{"@id":"https:\/\/www.premiummed.hr\/de\/anmelden\/#breadcrumb"},"inLanguage":"dd-DD","potentialAction":[{"@type":"ReadAction","target":["https:\/\/www.premiummed.hr\/de\/anmelden\/"]}]},{"@type":"ImageObject","inLanguage":"dd-DD","@id":"https:\/\/www.premiummed.hr\/de\/anmelden\/#primaryimage","url":"http:\/\/www.premiummed.hr\/wp-content\/uploads\/2015\/09\/personal-9.jpg","contentUrl":"http:\/\/www.premiummed.hr\/wp-content\/uploads\/2015\/09\/personal-9.jpg"},{"@type":"BreadcrumbList","@id":"https:\/\/www.premiummed.hr\/de\/anmelden\/#breadcrumb","itemListElement":[{"@type":"ListItem","position":1,"name":"Home","item":"https:\/\/www.premiummed.hr\/de\/"},{"@type":"ListItem","position":2,"name":"Anmelden"}]},{"@type":"WebSite","@id":"https:\/\/www.premiummed.hr\/#website","url":"https:\/\/www.premiummed.hr\/","name":"PREMIUMMED","description":"Personalvermittlung kroatischer Fachkr&auml;fte","potentialAction":[{"@type":"SearchAction","target":{"@type":"EntryPoint","urlTemplate":"https:\/\/www.premiummed.hr\/?s={search_term_string}"},"query-input":{"@type":"PropertyValueSpecification","valueRequired":true,"valueName":"search_term_string"}}],"inLanguage":"dd-DD"}]}},"_links":{"self":[{"href":"https:\/\/www.premiummed.hr\/de\/wp-json\/wp\/v2\/pages\/9850","targetHints":{"allow":["GET"]}}],"collection":[{"href":"https:\/\/www.premiummed.hr\/de\/wp-json\/wp\/v2\/pages"}],"about":[{"href":"https:\/\/www.premiummed.hr\/de\/wp-json\/wp\/v2\/types\/page"}],"author":[{"embeddable":true,"href":"https:\/\/www.premiummed.hr\/de\/wp-json\/wp\/v2\/users\/1"}],"replies":[{"embeddable":true,"href":"https:\/\/www.premiummed.hr\/de\/wp-json\/wp\/v2\/comments?post=9850"}],"version-history":[{"count":19,"href":"https:\/\/www.premiummed.hr\/de\/wp-json\/wp\/v2\/pages\/9850\/revisions"}],"predecessor-version":[{"id":10341,"href":"https:\/\/www.premiummed.hr\/de\/wp-json\/wp\/v2\/pages\/9850\/revisions\/10341"}],"wp:attachment":[{"href":"https:\/\/www.premiummed.hr\/de\/wp-json\/wp\/v2\/media?parent=9850"}],"curies":[{"name":"wp","href":"https:\/\/api.w.org\/{rel}","templated":true}]}}